{"id":385,"date":"2019-11-26T18:21:28","date_gmt":"2019-11-26T17:21:28","guid":{"rendered":"https:\/\/new.eichenauer-schuetzen.de\/?page_id=385"},"modified":"2026-01-27T08:35:31","modified_gmt":"2026-01-27T07:35:31","slug":"der-schiesssport","status":"publish","type":"page","link":"https:\/\/eichenauer-schuetzen.de\/?page_id=385","title":{"rendered":"Der Schie\u00dfsport"},"content":{"rendered":"<p>[et_pb_section fb_built=&#8220;1&#8243; _builder_version=&#8220;4.16&#8243; background_color=&#8220;#e5e5e5&#8243; background_image=&#8220;https:\/\/eichenauer-schuetzen.de\/wp-content\/uploads\/2019\/11\/background.jpg&#8220; background_size=&#8220;initial&#8220; background_position=&#8220;top_left&#8220; background_repeat=&#8220;repeat-x&#8220; global_colors_info=&#8220;{}&#8220;][et_pb_row _builder_version=&#8220;4.16&#8243; hover_transition_speed_curve=&#8220;linear&#8220; global_colors_info=&#8220;{}&#8220;][et_pb_column type=&#8220;4_4&#8243; _builder_version=&#8220;4.16&#8243; global_colors_info=&#8220;{}&#8220;][et_pb_image src=&#8220;https:\/\/eichenauer-schuetzen.de\/wp-content\/uploads\/2019\/11\/titel-start.jpg&#8220; align=&#8220;center&#8220; force_fullwidth=&#8220;on&#8220; _builder_version=&#8220;4.16&#8243; border_width_all=&#8220;1px&#8220; border_color_all=&#8220;#0c5114&#8243; box_shadow_style=&#8220;preset1&#8243; global_colors_info=&#8220;{}&#8220;][\/et_pb_image][\/et_pb_column][\/et_pb_row][et_pb_row column_structure=&#8220;2_5,3_5&#8243; _builder_version=&#8220;4.16&#8243; background_color=&#8220;#ffffff&#8220; hover_transition_speed_curve=&#8220;linear&#8220; border_width_all=&#8220;1px&#8220; border_color_all=&#8220;#0c5114&#8243; global_colors_info=&#8220;{}&#8220;][et_pb_column type=&#8220;2_5&#8243; _builder_version=&#8220;4.16&#8243; global_colors_info=&#8220;{}&#8220;][et_pb_text _builder_version=&#8220;4.16&#8243; text_text_color=&#8220;#000000&#8243; header_text_color=&#8220;#0c5114&#8243; custom_padding=&#8220;0px|10px|8px|10px|false|false&#8220; global_colors_info=&#8220;{}&#8220;]<\/p>\n<h1 style=\"text-align: center;\">Der Schie\u00dfsport<\/h1>\n<p>&nbsp;<\/p>\n<p style=\"text-align: left;\">Vielleicht kennen Sie den Schie\u00dfsport bisher nur von den Olympischen Spielen?<br \/>Diese interessante und anspruchsvolle Sportart k\u00f6nnen Sie auch in Eichenau erleben.<br \/>Hier ein kleiner \u00dcberblick:<\/p>\n<p style=\"text-align: left;\">Bei uns im Verein trainieren wir mit Luftgewehr und Luftpistole, um uns dann in Wettk\u00e4mpfen mit anderen Vereinen zu messen. Geschossen wird jeweils auf zehn Meter entfernte Zielscheiben.<br \/>Diese sind in \u201eRinge\u201c unterteilt \u2013 die 10 in der Mitte, und dann nach au\u00dfen abnehmend.<br \/>Bei vierzig Schuss sind also maximal 400 Ringe erzielbar.<\/p>\n<p style=\"text-align: left;\">Gute Ergebnisse erfordern ein hohes Ma\u00df an Selbstdisziplin, Konzentration, Technik und K\u00f6rperbeherrschung. Jung und Alt, Frauen wie M\u00e4nner gleicherma\u00dfen erfreuen sich an dieser Herausforderung. Probieren auch Sie es einmal unverbindlich \u2013 das n\u00f6tige Material wird vom Verein gestellt.<\/p>\n<p style=\"text-align: left;\">Auch Jugendliche ab 12 Jahren finden hier eine ideale Freizeitbesch\u00e4ftigung.<br \/>Dabei wird Ihnen von erfahrenen Sch\u00fctzen der verantwortungsvolle Umgang mit unseren Sportger\u00e4ten vermittelt. F\u00fcr die pers\u00f6nliche Entwicklung ist es wertvoll, sich voll auf eine Sache konzentrieren zu k\u00f6nnen. Diese F\u00e4higkeit wird bei uns gef\u00f6rdert \u2013 aber auch Spa\u00df und Gemeinschaftserlebnis kommen dabei sicher nicht zu kurz.<\/p>\n<p style=\"text-align: left;\">Daneben wird bei uns auch das traditionelle Zimmerstutzenschie\u00dfen betrieben.<br \/>Ebenso leisten unsere B\u00f6llersch\u00fctzen ihren gut h\u00f6rbaren Beitrag zur Brauchtumspflege.<\/p>\n<div><\/div>\n<p>[\/et_pb_text][\/et_pb_column][et_pb_column type=&#8220;3_5&#8243; _builder_version=&#8220;4.16&#8243; global_colors_info=&#8220;{}&#8220;][et_pb_image src=&#8220;https:\/\/eichenauer-schuetzen.de\/wp-content\/uploads\/2019\/11\/1702_Jugend_01.jpg&#8220; show_in_lightbox=&#8220;on&#8220; _builder_version=&#8220;4.27.4&#8243; width=&#8220;90%&#8220; box_shadow_style=&#8220;preset1&#8243; global_colors_info=&#8220;{}&#8220;][\/et_pb_image][et_pb_image src=&#8220;https:\/\/eichenauer-schuetzen.de\/wp-content\/uploads\/2019\/11\/13_Schiessabend_1.jpg&#8220; show_in_lightbox=&#8220;on&#8220; _builder_version=&#8220;4.27.4&#8243; width=&#8220;90%&#8220; box_shadow_style=&#8220;preset1&#8243; global_colors_info=&#8220;{}&#8220;][\/et_pb_image][\/et_pb_column][\/et_pb_row][\/et_pb_section]<\/p>\n","protected":false},"excerpt":{"rendered":"<p>Der Schie\u00dfsport &nbsp; Vielleicht kennen Sie den Schie\u00dfsport bisher nur von den Olympischen Spielen?Diese interessante und anspruchsvolle Sportart k\u00f6nnen Sie auch in Eichenau erleben.Hier ein kleiner \u00dcberblick: Bei uns im Verein trainieren wir mit Luftgewehr und Luftpistole, um uns dann in Wettk\u00e4mpfen mit anderen Vereinen zu messen. Geschossen wird jeweils auf zehn Meter entfernte Zielscheiben.Diese [&hellip;]<\/p>\n","protected":false},"author":1,"featured_media":0,"parent":0,"menu_order":0,"comment_status":"closed","ping_status":"closed","template":"","meta":{"_et_pb_use_builder":"on","_et_pb_old_content":"","_et_gb_content_width":"","_mc_calendar":[],"footnotes":""},"class_list":["post-385","page","type-page","status-publish","hentry"],"_links":{"self":[{"href":"https:\/\/eichenauer-schuetzen.de\/index.php?rest_route=\/wp\/v2\/pages\/385","targetHints":{"allow":["GET"]}}],"collection":[{"href":"https:\/\/eichenauer-schuetzen.de\/index.php?rest_route=\/wp\/v2\/pages"}],"about":[{"href":"https:\/\/eichenauer-schuetzen.de\/index.php?rest_route=\/wp\/v2\/types\/page"}],"author":[{"embeddable":true,"href":"https:\/\/eichenauer-schuetzen.de\/index.php?rest_route=\/wp\/v2\/users\/1"}],"replies":[{"embeddable":true,"href":"https:\/\/eichenauer-schuetzen.de\/index.php?rest_route=%2Fwp%2Fv2%2Fcomments&post=385"}],"version-history":[{"count":10,"href":"https:\/\/eichenauer-schuetzen.de\/index.php?rest_route=\/wp\/v2\/pages\/385\/revisions"}],"predecessor-version":[{"id":2029,"href":"https:\/\/eichenauer-schuetzen.de\/index.php?rest_route=\/wp\/v2\/pages\/385\/revisions\/2029"}],"wp:attachment":[{"href":"https:\/\/eichenauer-schuetzen.de\/index.php?rest_route=%2Fwp%2Fv2%2Fmedia&parent=385"}],"curies":[{"name":"wp","href":"https:\/\/api.w.org\/{rel}","templated":true}]}}