{"id":450,"date":"2019-11-26T19:21:16","date_gmt":"2019-11-26T18:21:16","guid":{"rendered":"https:\/\/new.eichenauer-schuetzen.de\/?page_id=450"},"modified":"2026-01-09T13:52:07","modified_gmt":"2026-01-09T12:52:07","slug":"kontakt","status":"publish","type":"page","link":"https:\/\/eichenauer-schuetzen.de\/?page_id=450","title":{"rendered":"Kontakt"},"content":{"rendered":"<p>[et_pb_section fb_built=&#8220;1&#8243; _builder_version=&#8220;4.16&#8243; background_color=&#8220;#e5e5e5&#8243; background_image=&#8220;https:\/\/eichenauer-schuetzen.de\/wp-content\/uploads\/2019\/11\/background.jpg&#8220; background_size=&#8220;initial&#8220; background_position=&#8220;top_left&#8220; background_repeat=&#8220;repeat-x&#8220; global_colors_info=&#8220;{}&#8220;][et_pb_row _builder_version=&#8220;4.16&#8243; hover_transition_speed_curve=&#8220;linear&#8220; global_colors_info=&#8220;{}&#8220;][et_pb_column type=&#8220;4_4&#8243; _builder_version=&#8220;4.16&#8243; global_colors_info=&#8220;{}&#8220;][et_pb_image src=&#8220;https:\/\/eichenauer-schuetzen.de\/wp-content\/uploads\/2019\/11\/titel-start.jpg&#8220; align=&#8220;center&#8220; force_fullwidth=&#8220;on&#8220; _builder_version=&#8220;4.16&#8243; border_width_all=&#8220;1px&#8220; border_color_all=&#8220;#0c5114&#8243; box_shadow_style=&#8220;preset1&#8243; global_colors_info=&#8220;{}&#8220;][\/et_pb_image][\/et_pb_column][\/et_pb_row][et_pb_row column_structure=&#8220;1_3,1_3,1_3&#8243; _builder_version=&#8220;4.16&#8243; background_color=&#8220;#ffffff&#8220; hover_transition_speed_curve=&#8220;linear&#8220; border_width_all=&#8220;1px&#8220; border_color_all=&#8220;#0c5114&#8243; global_colors_info=&#8220;{}&#8220;][et_pb_column type=&#8220;1_3&#8243; _builder_version=&#8220;4.16&#8243; global_colors_info=&#8220;{}&#8220;][et_pb_text _builder_version=&#8220;4.27.4&#8243; text_text_color=&#8220;#000000&#8243; header_text_color=&#8220;#0c5114&#8243; custom_padding=&#8220;|0px||5px|false|false&#8220; hover_enabled=&#8220;0&#8243; global_colors_info=&#8220;{}&#8220; sticky_enabled=&#8220;0&#8243;]<\/p>\n<h1>Hier finden Sie uns:<\/h1>\n<p><span>Unser Sch\u00fctzenheim finden Sie in der Parkstra\u00dfe 41, 82223 Eichenau.<\/span><\/p>\n<p><span>Parkpl\u00e4tze finden Sie vor und hinter der Starzelbachschule.<\/span><\/p>\n<p><span><span style=\"text-decoration: underline;\">Das Sch\u00fctzenheim befindet sich am Eingang West.<\/span> Weg zwischen der ehemaligen Metzgerei und der Schule<\/span><\/p>\n<p>[\/et_pb_text][et_pb_text _builder_version=&#8220;4.16&#8243; text_text_color=&#8220;#000000&#8243; header_text_color=&#8220;#0c5114&#8243; custom_padding=&#8220;|0px||5px|false|false&#8220; global_colors_info=&#8220;{}&#8220;]<\/p>\n<h1>Postanschrift<\/h1>\n<p><strong>SG Immergr\u00fcn Eichenau 1920 e.V.<\/strong><br \/> <span>1. Sch\u00fctzenmeister:\u00a0Claus Guttenthaler<\/span><br \/> <span>Parkstra\u00dfe 41<\/span><br \/> <span>82223 Eichenau<\/span><\/p>\n<p>[\/et_pb_text][\/et_pb_column][et_pb_column type=&#8220;1_3&#8243; _builder_version=&#8220;4.16&#8243; global_colors_info=&#8220;{}&#8220;][et_pb_text _builder_version=&#8220;4.27.4&#8243; text_text_color=&#8220;#000000&#8243; header_text_color=&#8220;#0c5114&#8243; global_colors_info=&#8220;{}&#8220;]<\/p>\n<h1>Trainingszeiten<\/h1>\n<p>Der Vereinsabend mit Wertungsschie\u00dfen findet jeden Monat zweimal freitags und einmal mittwochs statt jeweils ab 19:00 Uhr. Die genauen Termine k\u00f6nnen dem Aufsichtsplan auf der startseite entnommen werden.<\/p>\n<p>[\/et_pb_text][\/et_pb_column][et_pb_column type=&#8220;1_3&#8243; _builder_version=&#8220;4.16&#8243; global_colors_info=&#8220;{}&#8220;][et_pb_text _builder_version=&#8220;4.16&#8243; text_text_color=&#8220;#000000&#8243; header_text_color=&#8220;#0c5114&#8243; custom_padding=&#8220;|5px||0px|false|false&#8220; global_colors_info=&#8220;{}&#8220;]<\/p>\n<h1>Kontakt zu uns<\/h1>\n<p><span>Haben Sie noch Fragen rund um den Verein? Dann sind Sie hier genau richtig!<\/span><\/p>\n<p>[\/et_pb_text][et_pb_text _builder_version=&#8220;4.27.4&#8243; _module_preset=&#8220;default&#8220; custom_padding=&#8220;||2px|||&#8220; global_colors_info=&#8220;{}&#8220;]<\/p>\n<p><span>Einfach eine Mail an:<\/span><\/p>\n<p>verein@eichenauer-schuetzen.de<\/p>\n<p>[\/et_pb_text][\/et_pb_column][\/et_pb_row][\/et_pb_section]<\/p>\n","protected":false},"excerpt":{"rendered":"<p>Hier finden Sie uns: Unser Sch\u00fctzenheim finden Sie in der Parkstra\u00dfe 41, 82223 Eichenau. Parkpl\u00e4tze finden Sie vor und hinter der Starzelbachschule. Das Sch\u00fctzenheim befindet sich am Eingang West. Weg zwischen der ehemaligen Metzgerei und der SchulePostanschrift SG Immergr\u00fcn Eichenau 1920 e.V. 1. Sch\u00fctzenmeister:\u00a0Claus Guttenthaler Parkstra\u00dfe 41 82223 EichenauTrainingszeiten Der Vereinsabend mit Wertungsschie\u00dfen findet jeden [&hellip;]<\/p>\n","protected":false},"author":1,"featured_media":0,"parent":0,"menu_order":0,"comment_status":"closed","ping_status":"closed","template":"","meta":{"_et_pb_use_builder":"on","_et_pb_old_content":"","_et_gb_content_width":"","_mc_calendar":[],"footnotes":""},"class_list":["post-450","page","type-page","status-publish","hentry"],"_links":{"self":[{"href":"https:\/\/eichenauer-schuetzen.de\/index.php?rest_route=\/wp\/v2\/pages\/450","targetHints":{"allow":["GET"]}}],"collection":[{"href":"https:\/\/eichenauer-schuetzen.de\/index.php?rest_route=\/wp\/v2\/pages"}],"about":[{"href":"https:\/\/eichenauer-schuetzen.de\/index.php?rest_route=\/wp\/v2\/types\/page"}],"author":[{"embeddable":true,"href":"https:\/\/eichenauer-schuetzen.de\/index.php?rest_route=\/wp\/v2\/users\/1"}],"replies":[{"embeddable":true,"href":"https:\/\/eichenauer-schuetzen.de\/index.php?rest_route=%2Fwp%2Fv2%2Fcomments&post=450"}],"version-history":[{"count":14,"href":"https:\/\/eichenauer-schuetzen.de\/index.php?rest_route=\/wp\/v2\/pages\/450\/revisions"}],"predecessor-version":[{"id":1995,"href":"https:\/\/eichenauer-schuetzen.de\/index.php?rest_route=\/wp\/v2\/pages\/450\/revisions\/1995"}],"wp:attachment":[{"href":"https:\/\/eichenauer-schuetzen.de\/index.php?rest_route=%2Fwp%2Fv2%2Fmedia&parent=450"}],"curies":[{"name":"wp","href":"https:\/\/api.w.org\/{rel}","templated":true}]}}